{"id":1371,"date":"2024-12-16T21:07:45","date_gmt":"2024-12-16T21:07:45","guid":{"rendered":"https:\/\/laliwolf.com\/?page_id=1371"},"modified":"2025-09-04T18:00:06","modified_gmt":"2025-09-04T18:00:06","slug":"pensamientos","status":"publish","type":"page","link":"https:\/\/laliwolf.com\/en\/pensamientos\/","title":{"rendered":"Thoughts"},"content":{"rendered":"<div data-colibri-id=\"1371-c1\" class=\"style-398 style-local-1371-c1 position-relative\">\n  <!---->\n  <div data-colibri-component=\"section\" data-colibri-id=\"1371-c2\" id=\"custom-2\" class=\"h-section h-section-global-spacing d-flex align-items-lg-center align-items-md-center align-items-center style-416 style-local-1371-c2 position-relative\">\n    <!---->\n    <!---->\n    <div class=\"h-section-grid-container h-section-boxed-container\">\n      <!---->\n      <div data-colibri-id=\"1371-c3\" class=\"h-row-container gutters-row-lg-0 gutters-row-md-0 gutters-row-0 gutters-row-v-lg-0 gutters-row-v-md-0 gutters-row-v-0 style-417 style-local-1371-c3 position-relative\">\n        <!---->\n        <div class=\"h-row justify-content-lg-center justify-content-md-center justify-content-center align-items-lg-stretch align-items-md-stretch align-items-stretch gutters-col-lg-0 gutters-col-md-0 gutters-col-0 gutters-col-v-lg-0 gutters-col-v-md-0 gutters-col-v-0\">\n          <!---->\n          <div class=\"h-column h-column-container d-flex h-col-lg-auto h-col-md-auto h-col-auto style-418-outer style-local-1371-c4-outer\">\n            <div data-colibri-id=\"1371-c4\" class=\"d-flex h-flex-basis h-column__inner h-px-lg-2 h-px-md-2 h-px-2 v-inner-lg-2 v-inner-md-2 v-inner-2 style-418 style-local-1371-c4 position-relative\">\n              <!---->\n              <!---->\n              <div class=\"w-100 h-y-container h-column__content h-column__v-align flex-basis-100 align-self-lg-start align-self-md-start align-self-start\">\n                <!---->\n                <div data-colibri-id=\"1371-c5\" class=\"h-global-transition-all h-heading style-419 style-local-1371-c5 position-relative h-element\">\n                  <!---->\n                  <div class=\"h-heading__outer style-419 style-local-1371-c5\">\n                    <!---->\n                    <!---->\n                    <h1 class=\"\">Thoughts...<\/h1>\n                  <\/div>\n                <\/div>\n              <\/div>\n            <\/div>\n          <\/div>\n        <\/div>\n      <\/div>\n    <\/div>\n  <\/div>\n  <div data-colibri-component=\"section\" data-colibri-id=\"1371-c6\" id=\"custom\" class=\"h-section h-section-global-spacing d-flex align-items-lg-center align-items-md-center align-items-center style-400 style-local-1371-c6 position-relative\">\n    <!---->\n    <!---->\n    <div class=\"h-section-grid-container h-section-boxed-container\">\n      <!---->\n      <div data-colibri-id=\"1371-c7\" class=\"h-row-container gutters-row-lg-2 gutters-row-md-2 gutters-row-0 gutters-row-v-lg-2 gutters-row-v-md-2 gutters-row-v-2 style-401 style-local-1371-c7 position-relative\">\n        <!---->\n        <div class=\"h-row justify-content-lg-center justify-content-md-center justify-content-center align-items-lg-stretch align-items-md-stretch align-items-stretch gutters-col-lg-2 gutters-col-md-2 gutters-col-0 gutters-col-v-lg-2 gutters-col-v-md-2 gutters-col-v-2\">\n          <!---->\n          <div class=\"h-column h-column-container d-flex h-col-lg-6 h-col-md-6 h-col-12 style-402-outer style-local-1371-c8-outer\">\n            <div data-colibri-id=\"1371-c8\" class=\"d-flex h-flex-basis h-column__inner h-px-lg-2 h-px-md-2 h-px-2 v-inner-lg-2 v-inner-md-2 v-inner-2 style-402 style-local-1371-c8 position-relative\">\n              <!---->\n              <!---->\n              <div class=\"w-100 h-y-container h-column__content h-column__v-align flex-basis-100 align-self-lg-start align-self-md-start align-self-start\">\n                <!---->\n                <div data-colibri-id=\"1371-c9\" class=\"h-global-transition-all h-heading style-404 style-local-1371-c9 position-relative h-element\">\n                  <!---->\n                  <div class=\"h-heading__outer style-404 style-local-1371-c9\">\n                    <!---->\n                    <!---->\n                    <h1 class=\"\">In my most intimate and wild state, I have no need to play along with anyone.<\/h1>\n                  <\/div>\n                <\/div>\n                <div data-colibri-id=\"1371-c10\" class=\"h-text h-text-component style-405 style-local-1371-c10 position-relative h-element\">\n                  <!---->\n                  <!---->\n                  <div class=\"\">\n                    <p><span style=\"color: rgb(246, 248, 250); font-family: &quot;Tenor Sans&quot;; font-size: 19.36px; font-weight: 400;\">I have paid the price of letting God enter me. For I am, and will continue to be in this life, a human experience.<\/span><\/p>\n                  <\/div>\n                <\/div>\n                <div data-colibri-id=\"1371-c11\" class=\"h-text h-text-component style-406 style-local-1371-c11 position-relative h-element\">\n                  <!---->\n                  <!---->\n                  <div class=\"\">\n                    <p><span style=\"font-weight: 400; font-size: 14px; font-family: &quot;Tenor Sans&quot;; color: rgb(246, 248, 250);\">I am she of few thirsty wolves who have drunk of my juices. I am she with the womb that holds memories that root me to the earth, and of those other memories that arose from letting the dense and the dark into my world through sexuality. I always knew I was not the primitive desire of another, nor the triumph to be taken. I was always that Goddess playing a part for them. But now, I no longer play.\n\nI fall in love with my body, I am aroused by the scents of my skin, my fingers dance as they glide through the juices of my portal. I caress my lips and enter the labyrinth, willing to lose myself until I find sidereal space. I travel the world in silence, penetrating and letting myself be penetrated by a gaze, sniffing the essence of everything that crosses my path. Watching the pack from behind.\n\nLife will place me before the infinite; before the chosen one. I am not looking for you; I know you will arrive.\n\nFor every Goddess, there are Gods worthy of partaking in our divinity. They are not everywhere. You choose who you want to let in.<\/span><\/p>\n                  <\/div>\n                <\/div>\n              <\/div>\n            <\/div>\n          <\/div>\n          <div class=\"h-column h-column-container d-flex h-col-lg-6 h-col-md-6 h-col-12 style-403-outer style-local-1371-c12-outer\">\n            <div data-colibri-id=\"1371-c12\" class=\"d-flex h-flex-basis h-column__inner h-px-lg-2 h-px-md-2 h-px-2 v-inner-lg-2 v-inner-md-2 v-inner-2 style-403 style-local-1371-c12 position-relative\">\n              <!---->\n              <!---->\n              <div class=\"w-100 h-y-container h-column__content h-column__v-align flex-basis-100 align-self-lg-start align-self-md-start align-self-start\">\n                <!---->\n                <div data-colibri-id=\"1371-c13\" class=\"h-global-transition-all h-heading style-415 style-local-1371-c13 position-relative h-element\">\n                  <!---->\n                  <div class=\"h-heading__outer style-415 style-local-1371-c13\">\n                    <!---->\n                    <!---->\n                    <h1 class=\"\">I once doubted I could dance with wizards.<\/h1>\n                  <\/div>\n                <\/div>\n                <div data-colibri-id=\"1371-c14\" class=\"h-text h-text-component style-414 style-local-1371-c14 position-relative h-element\">\n                  <!---->\n                  <!---->\n                  <div class=\"\">\n                    <p>Too much time in the monopoly. And now, not only do I know I can dance with them, but I can feel their fear of losing their great power and getting lost in the depths of my ocean.\n\nI am also afraid of leaving what is known and opening myself up to the unknown without holding back. I am also afraid that their incarnate skin will steal my flight with their words. I also fear that it isn't love, but a fear of walking alongside the greatest and most powerful without feeling small. I am also afraid of falling in love with wizards who won't bare their souls.<\/p>\n                    <p>I see, I see the beauty, I see the light, but I need to see the darkness\u2026 Let me into your shadow, let me see your humanity and fall in love with it. That is the most important thing: magic without recipes\u2026<\/p>\n                  <\/div>\n                <\/div>\n              <\/div>\n            <\/div>\n          <\/div>\n        <\/div>\n      <\/div>\n    <\/div>\n  <\/div>\n<\/div>","protected":false},"excerpt":{"rendered":"<p>Pensamientos&#8230; En mi estado m\u00e1s \u00edntimo y salvaje no necesito entrar a jugar con nadie. He pagado el precio de dejar entrar a Dios en m\u00ed. Pues soy y seguir\u00e9 siendo en esta vida una experiencia humana. Soy esa de pocos lobos sedientos que han tomado de mi jugo. Soy esa con el \u00fatero que [&hellip;]<\/p>\n","protected":false},"author":1,"featured_media":0,"parent":0,"menu_order":0,"comment_status":"closed","ping_status":"closed","template":"page-templates\/full-width-page.php","meta":{"_ppp_document_settings_meta":"","footnotes":""},"class_list":["post-1371","page","type-page","status-publish","hentry"],"_links":{"self":[{"href":"https:\/\/laliwolf.com\/en\/wp-json\/wp\/v2\/pages\/1371","targetHints":{"allow":["GET"]}}],"collection":[{"href":"https:\/\/laliwolf.com\/en\/wp-json\/wp\/v2\/pages"}],"about":[{"href":"https:\/\/laliwolf.com\/en\/wp-json\/wp\/v2\/types\/page"}],"author":[{"embeddable":true,"href":"https:\/\/laliwolf.com\/en\/wp-json\/wp\/v2\/users\/1"}],"replies":[{"embeddable":true,"href":"https:\/\/laliwolf.com\/en\/wp-json\/wp\/v2\/comments?post=1371"}],"version-history":[{"count":20,"href":"https:\/\/laliwolf.com\/en\/wp-json\/wp\/v2\/pages\/1371\/revisions"}],"predecessor-version":[{"id":1776,"href":"https:\/\/laliwolf.com\/en\/wp-json\/wp\/v2\/pages\/1371\/revisions\/1776"}],"wp:attachment":[{"href":"https:\/\/laliwolf.com\/en\/wp-json\/wp\/v2\/media?parent=1371"}],"curies":[{"name":"wp","href":"https:\/\/api.w.org\/{rel}","templated":true}]}}